{"id":9,"date":"2016-04-27T10:29:32","date_gmt":"2016-04-27T16:29:32","guid":{"rendered":"https:\/\/excelfuso.com\/panama\/\/?page_id=9"},"modified":"2016-06-29T08:50:59","modified_gmt":"2016-06-29T14:50:59","slug":"sucursales","status":"publish","type":"page","link":"https:\/\/excelfuso.com\/panama\/sucursales\/","title":{"rendered":"Sucursales"},"content":{"rendered":"<div id=\"los-proceres\" class=\"sucursal\">\n<div class=\"direccion\">\n<h2 class=\"title-b\">SUCURSALES<\/h2>\n<\/div>\n<p>&nbsp;<\/p>\n<h3 class=\"title-b\">RICARDO J. ALFARO (TUMBA MUERTO)<\/h3>\n<div>\n<div>\n<div>\n<div><i class=\"fa fa-map-marker\"><\/i> V\u00eda Ricardo J. Alfaro, hacia el Dorado, a 600mts. de la entrada principal de Villa de La Fuente. Edificio Excel Automotriz, frente a Cochez #3, Ciudad de Panam\u00e1.<\/p>\n<\/div>\n<div>Tel:\u00a0360-3800<\/div>\n<p><strong>Horarios<\/strong><\/p>\n<p>Lunes a Viernes 8:00 am &#8211; 6:30 pm.<br \/>\nS\u00e1bado 8:00 am &#8211; 5:00 pm y domingo 11:00 am &#8211; 4:00 pm.<br \/>\n<iframe loading=\"lazy\" src=\"https:\/\/www.google.com\/maps\/embed?pb=!1m18!1m12!1m3!1d3740.8753159344847!2d-79.53660242058362!3d9.018800630308077!2m3!1f0!2f0!3f0!3m2!1i1024!2i768!4f13.1!3m3!1m2!1s0x8faca83f72c2ba69%3A0x9e9273b31d4f80d7!2sExcel+Automotriz!5e0!3m2!1sen!2ssv!4v1467210293053\" width=\"600\" height=\"450\" frameborder=\"0\" style=\"border:0\" allowfullscreen><\/iframe><\/p>\n<\/div>\n<p>&nbsp;<\/p>\n<h3 class=\"title-b\">CHITR\u00c9 HERRERA<\/h3>\n<div>\n<div>\n<div>\n<div><i class=\"fa fa-map-marker\"><\/i> V\u00eda Circunvalaci\u00f3n, frente a Terminal de Transporte, Herrera, Chitr\u00e9.<\/p>\n<\/div>\n<div>Tel:\u00a0996-6874<\/div>\n<p><strong>Horarios<\/strong><\/p>\n<p>Lunes a Viernes 8:00 am &#8211; 5:00 pm.<br \/>\nS\u00e1bado 8:00 am &#8211; 12:00 pm.<br \/>\n<iframe loading=\"lazy\" src=\"https:\/\/www.google.com\/maps\/embed?pb=!1m18!1m12!1m3!1d1401.8947530746975!2d-80.43262105819805!3d7.953570763705155!2m3!1f0!2f0!3f0!3m2!1i1024!2i768!4f13.1!3m3!1m2!1s0x0%3A0x7c33c451206e968f!2sNissan!5e0!3m2!1sen!2ssv!4v1467210999399\" width=\"600\" height=\"450\" frameborder=\"0\" style=\"border:0\" allowfullscreen><\/iframe><\/p>\n<\/div>\n<p>&nbsp;<\/p>\n<h3 class=\"title-b\">DAVID CHIRIQU\u00cd<\/h3>\n<div>\n<div>\n<div>\n<div><i class=\"fa fa-map-marker\"><\/i> Ave. Miguel A. Brenes y Cl. F Sur San Mateo. Frente a la parrillada<br \/>\nAntojitos, David.<\/p>\n<p class=\"p1\">Tel:\u00a0775-2518<\/p>\n<\/div>\n<p><strong>Horarios<\/strong><\/p>\n<p>Lunes a Viernes 8:00 am &#8211; 5:00 pm.<br \/>\nS\u00e1bado 8:00 am &#8211; 12:00 pm.<br \/>\n<iframe loading=\"lazy\" src=\"https:\/\/www.google.com\/maps\/embed?pb=!1m18!1m12!1m3!1d1973.3855815953618!2d-82.43410523095042!3d8.424120274070246!2m3!1f0!2f0!3f0!3m2!1i1024!2i768!4f13.1!3m3!1m2!1s0x0%3A0x844c449f365f14a5!2sExcel+Automotriz!5e0!3m2!1ses-419!2ssv!4v1467211535369\" width=\"600\" height=\"450\" frameborder=\"0\" style=\"border:0\" allowfullscreen><\/iframe><\/p>\n<\/div>\n<p>&nbsp;<\/p>\n<h2 class=\"title-b\">SUCURSALES DE TALLER<\/h2>\n<\/div>\n<p>&nbsp;<\/p>\n<h3 class=\"title-b\">AVENIDA DOMINGO D\u00cdAZ (TALLER FUSO)<\/h3>\n<div>\n<div>\n<div>\n<div><i class=\"fa fa-map-marker\"><\/i> V\u00eda Tocumen, Los Pueblos al lado de Plaza Comercial El Faro.<\/p>\n<p class=\"p1\">Tel:\u00a0360-3839<\/p>\n<\/div>\n<p><strong>Horarios<\/strong><\/p>\n<p>Lunes a Viernes 8:00 am &#8211; 6:00 pm.<br \/>\nS\u00e1bado 8:00 am &#8211; 1:00 pm.<br \/>\n<iframe loading=\"lazy\" src=\"https:\/\/www.google.com\/maps\/embed?pb=!1m18!1m12!1m3!1d1977.0860297657418!2d-79.53429020727746!3d9.018832227437176!2m3!1f0!2f0!3f0!3m2!1i1024!2i768!4f13.1!3m3!1m2!1s0x8faca83f72c2ba69%3A0x9e9273b31d4f80d7!2sExcel+Automotriz!5e0!3m2!1ses-419!2ssv!4v1467211803991\" width=\"600\" height=\"450\" frameborder=\"0\" style=\"border:0\" allowfullscreen><\/iframe><\/p>\n<\/div>\n<p>&nbsp;<\/p>\n<h3 class=\"title-b\">CHITR\u00c9 HERRERA<\/h3>\n<div>\n<div>\n<div>\n<div><i class=\"fa fa-map-marker\"><\/i> V\u00eda Circunvalaci\u00f3n, frente a Terminal de Transporte, Herrera, Chitr\u00e9.<\/p>\n<\/div>\n<div>Tel:\u00a0996-6874<\/div>\n<p><strong>Horarios<\/strong><\/p>\n<p>Lunes a Viernes 8:00 am &#8211; 5:00 pm.<br \/>\nS\u00e1bado 8:00 am &#8211; 12:00 pm.<br \/>\n<iframe loading=\"lazy\" src=\"https:\/\/www.google.com\/maps\/embed?pb=!1m18!1m12!1m3!1d1401.8947530746975!2d-80.43262105819805!3d7.953570763705155!2m3!1f0!2f0!3f0!3m2!1i1024!2i768!4f13.1!3m3!1m2!1s0x0%3A0x7c33c451206e968f!2sNissan!5e0!3m2!1sen!2ssv!4v1467210999399\" width=\"600\" height=\"450\" frameborder=\"0\" style=\"border:0\" allowfullscreen><\/iframe><\/p>\n<\/div>\n<p>&nbsp;<\/p>\n<h3 class=\"title-b\">DAVID CHIRIQU\u00cd<\/h3>\n<div>\n<div>\n<div>\n<div><i class=\"fa fa-map-marker\"><\/i> Ave. Miguel A. Brenes y Cl. F Sur San Mateo. Frente a la parrillada<br \/>\nAntojitos, David.<\/p>\n<p class=\"p1\">Tel:\u00a0775-2518<\/p>\n<\/div>\n<p><strong>Horarios<\/strong><\/p>\n<p>Lunes a Viernes 8:00 am &#8211; 5:00 pm.<br \/>\nS\u00e1bado 8:00 am &#8211; 12:00 pm.<br \/>\n<iframe loading=\"lazy\" src=\"https:\/\/www.google.com\/maps\/embed?pb=!1m18!1m12!1m3!1d1973.3855815953618!2d-82.43410523095042!3d8.424120274070246!2m3!1f0!2f0!3f0!3m2!1i1024!2i768!4f13.1!3m3!1m2!1s0x0%3A0x844c449f365f14a5!2sExcel+Automotriz!5e0!3m2!1ses-419!2ssv!4v1467211535369\" width=\"600\" height=\"450\" frameborder=\"0\" style=\"border:0\" allowfullscreen><\/iframe><\/p>\n<\/div>\n<p>&nbsp;<\/p>\n<div id=\"los-proceres\" class=\"sucursal\"><\/div>\n","protected":false},"excerpt":{"rendered":"<p>SUCURSALES &nbsp; RICARDO J. ALFARO (TUMBA MUERTO) V\u00eda Ricardo J. Alfaro, hacia el Dorado, a 600mts. de la entrada principal de Villa de La Fuente. Edificio Excel Automotriz, frente a Cochez #3, Ciudad de Panam\u00e1. Tel:\u00a0360-3800 Horarios Lunes a Viernes 8:00 am &#8211; 6:30 pm. S\u00e1bado 8:00 am &#8211; 5:00 pm y domingo 11:00 am [&hellip;]<\/p>\n","protected":false},"author":1,"featured_media":0,"parent":0,"menu_order":0,"comment_status":"closed","ping_status":"closed","template":"sucursales.php","meta":{"_acf_changed":false,"footnotes":""},"class_list":["post-9","page","type-page","status-publish","hentry"],"acf":[],"_links":{"self":[{"href":"https:\/\/excelfuso.com\/panama\/wp-json\/wp\/v2\/pages\/9","targetHints":{"allow":["GET"]}}],"collection":[{"href":"https:\/\/excelfuso.com\/panama\/wp-json\/wp\/v2\/pages"}],"about":[{"href":"https:\/\/excelfuso.com\/panama\/wp-json\/wp\/v2\/types\/page"}],"author":[{"embeddable":true,"href":"https:\/\/excelfuso.com\/panama\/wp-json\/wp\/v2\/users\/1"}],"replies":[{"embeddable":true,"href":"https:\/\/excelfuso.com\/panama\/wp-json\/wp\/v2\/comments?post=9"}],"version-history":[{"count":24,"href":"https:\/\/excelfuso.com\/panama\/wp-json\/wp\/v2\/pages\/9\/revisions"}],"predecessor-version":[{"id":386,"href":"https:\/\/excelfuso.com\/panama\/wp-json\/wp\/v2\/pages\/9\/revisions\/386"}],"wp:attachment":[{"href":"https:\/\/excelfuso.com\/panama\/wp-json\/wp\/v2\/media?parent=9"}],"curies":[{"name":"wp","href":"https:\/\/api.w.org\/{rel}","templated":true}]}}