{"id":259,"date":"2016-06-21T17:20:24","date_gmt":"2016-06-21T23:20:24","guid":{"rendered":"https:\/\/excelfuso.com\/panama\/\/?page_id=259"},"modified":"2016-06-29T08:31:47","modified_gmt":"2016-06-29T14:31:47","slug":"repuestos","status":"publish","type":"page","link":"https:\/\/excelfuso.com\/panama\/repuestos\/","title":{"rendered":"Repuestos"},"content":{"rendered":"<h2 style=\"text-align: center;\">PARTES ORIGINALES<\/h2>\n<p>Las partes originales est\u00e1n dise\u00f1adas y fabricadas para cumplir con las especificaciones del fabricante y mantienen altos est\u00e1ndares de calidad. Las piezas no originales pueden parecer similares y llevar a cabo la misma funci\u00f3n b\u00e1sica, sin embargo, esto no asegura que tengan el adecuado funcionamiento y los mismos niveles de tolerancia.<\/p>\n<p>No corra riesgos en su inversi\u00f3n, siempre exija los repuestos Originales Fuso.<\/p>\n<h2 style=\"text-align: center;\">BENEFICIO DE USO DE PARTES ORIGINALES<\/h2>\n<p>Los camiones Fuso, son veh\u00edculos de alto rendimiento y desempe\u00f1o por lo que los Repuestos a utilizar deber\u00e1n cumplir las especificaciones del fabricante. Cada Repuesto Original al momento de la fabricaci\u00f3n es examinado en pruebas de resistencia, consistencia, rendimiento y durabilidad para garantizar el \u00f3ptimo funcionamiento.<\/p>\n<h2 style=\"text-align: center;\">SUCURSALES EN TODO EL PA\u00cdS<\/h2>\n<div class=\"columns\">\n<div class=\"column\">\n<h3>RJA<\/h3>\n<p><i class=\"fa fa-map-marker\"><\/i> V\u00eda Ricardo. J. Alfaro, lateral a Migraci\u00f3n.<br \/>\n<strong>Tel.<\/strong>\u00a0360 &#8211; 3800; 360 &#8211; 3858<br \/>\n<strong>Horarios:\u00a0<\/strong>Lunes \u2013 Viernes: 8:00 \u2013 5:00 p.m.<br \/>\nS\u00e1bado: 8:00 \u2013 4:00 p.m.<\/p>\n<h3>Mitsubishi calle 50<\/h3>\n<p><i class=\"fa fa-map-marker\"><\/i> Diagonal a la intersecci\u00f3n de la Via Brasil con Calle 50.<br \/>\n<strong>Tel.<\/strong> 269 &#8211; 0050<br \/>\n<strong>Horarios:<\/strong> Lunes \u2013 Viernes: 8:00 a.m. \u2013 5:00 p.m.<br \/>\nS\u00e1bado: 8:00 a.m. \u2013 12:00 p.m.<\/p>\n<h3>Chitr\u00e9<\/h3>\n<p><i class=\"fa fa-map-marker\"><\/i> Avenida Circunvalaci\u00f3n, diagonal a la terminal de transporte.<br \/>\n<strong>Tel.<\/strong> 996 &#8211; 6874<br \/>\n<strong>Horarios:<\/strong> Lunes \u2013 Viernes: 8:00 a.m.\u2013 5:00 p.m.<br \/>\nS\u00e1bado: 8:00 a.m. \u2013 12:00 p.m.<\/p>\n<h3>Mitsubishi David<\/h3>\n<p><i class=\"fa fa-map-marker\"><\/i> Avenida F sur, frente a Restaurante Antojitos.<br \/>\n<strong>Tel.<\/strong> 775 &#8211; 4285<br \/>\n<strong>Horarios:<\/strong> Lunes \u2013 Viernes: 8:00 a.m.\u2013 5:00 p.m.<br \/>\nS\u00e1bado: 8:00 a.m. \u2013 12:00 p.m.<\/p>\n<h3>La maquina r\u00edo abajo<\/h3>\n<p><i class=\"fa fa-map-marker\"><\/i> R\u00edo Abajo, Calle 9na Frente al super 99.<br \/>\n<strong>Tel.<\/strong> 301 &#8211; 3290 ; 301 &#8211; 3291<br \/>\n<strong>Horarios:<\/strong> Lunes \u2013 Viernes: 8:00 a.m. \u2013 5:00 p.m.<br \/>\nS\u00e1bado: 8:00 a.m.\u2013 4:00 p.m.<\/p>\n<h3>Los pueblos<\/h3>\n<p><i class=\"fa fa-map-marker\"><\/i> Av. Domingo Diaz, lateral al centro comercial El Faro.<br \/>\n<strong>Tel.<\/strong> 800 &#8211; 6477 ; 378 &#8211; 8824<br \/>\n<strong>Horarios:<\/strong> Lunes \u2013 Viernes: 8:00 a.m. \u2013 6:00 p.m.<br \/>\nS\u00e1bado: 8:00 a.m. \u2013 4:00 p.m.\n<\/div>\n<div class=\"column\">\n<h3>La maquina milla 8<\/h3>\n<p><i class=\"fa fa-map-marker\"><\/i> Plaza Milla 8.<br \/>\n<strong>Tel.<\/strong> 6396 &#8211; 7243<br \/>\n<strong>Horarios:\u00a0<\/strong>Lunes \u2013 Viernes: 8:00 a.m. \u2013 5:00 p.m.<br \/>\nS\u00e1bado: 8:00 a.m. \u2013 4:00 p.m.<\/p>\n<h3>La maquina 24 de Diciembre<\/h3>\n<p><i class=\"fa fa-map-marker\"><\/i> Centro Comercial La Do\u00f1a, diagonal a la piquera de buses.<br \/>\n<strong>Tel.<\/strong> 378 &#8211; 3260 ; 378 &#8211; 3661<br \/>\n<strong>Horarios:<\/strong> Lunes \u2013 Viernes: 8:00 a.m. \u2013 5:00 p.m.<br \/>\nS\u00e1bado: 8:00 a.m. \u2013 4:00 p.m.<\/p>\n<h3>Repuestos la maquina Santa Elena<\/h3>\n<p><i class=\"fa fa-map-marker\"><\/i> Avenida Santa Elena, parque Lefevre, en el cruce con la avenida Ernesto T Lefevre.<br \/>\n<strong>Tel.<\/strong> 800 &#8211; 6477<br \/>\n<strong>Horarios:<\/strong> Lunes a Viernes: 8:00 a.m. a 5:00 p.m.<br \/>\nS\u00e1bados: 8:00 a.m. a 4:00 p.m<\/p>\n<h3>Chorrera<\/h3>\n<p><i class=\"fa fa-map-marker\"><\/i> Via Panamericana, al lado del super 99 en la entrada del Coco.<br \/>\n<strong>Tel.<\/strong> 244 &#8211; 2680<br \/>\n<strong>Horarios:<\/strong> Lunes \u2013 Viernes: 8:00 a.m. \u2013 5:00 p.m.<br \/>\nS\u00e1bado: 8:00 a.m. \u2013 4:00 p.m.<\/p>\n<h3 style=\"text-align: left;\">Sucursal Col\u00f3n<\/h3>\n<p style=\"text-align: left;\"><i class=\"fa fa-map-marker\"><\/i> Carretera Trans\u00edstmica, a un Costado del centro comercial Silver City, frente a la estaci\u00f3n Texaco.<br \/>\n<strong>Tel.<\/strong> 431 &#8211; 1830 ; 431 &#8211; 1834<br \/>\n<strong>Horarios:<\/strong> Lunes \u2013 Viernes: 8:00 a.m. \u2013 5:00 p.m.<br \/>\nS\u00e1bado: 8:00 a.m. \u2013 12:00 p.m.<\/p>\n<\/div>\n<\/div>\n<div><\/div>\n<p><a href=\"tel:507800-6477\"><img loading=\"lazy\" decoding=\"async\" class=\"wp-image-369 aligncenter\" src=\"https:\/\/excelfuso.com\/panama\/\/wp-content\/uploads\/2016\/06\/800-6477-300x72.jpg\" width=\"365\" height=\"103\" \/><\/a><\/p>\n<h2 style=\"text-align: center;\">SERVICIO A DOMICILIO<\/h2>\n<p>Llama a nuestro n\u00famero telef\u00f3nico ynuestros especialistas te asesoraran en el repuesto exacto para tu cami\u00f3n. Nuestros cat\u00e1logos electr\u00f3nicos nos permiten recomendarte la pieza exacta para tus necesidades.<\/p>\n<p>Compra, cotizar y recibe tus repuestos para tu cami\u00f3n a domicilio.<\/p>\n","protected":false},"excerpt":{"rendered":"<p>PARTES ORIGINALES Las partes originales est\u00e1n dise\u00f1adas y fabricadas para cumplir con las especificaciones del fabricante y mantienen altos est\u00e1ndares de calidad. Las piezas no originales pueden parecer similares y llevar a cabo la misma funci\u00f3n b\u00e1sica, sin embargo, esto no asegura que tengan el adecuado funcionamiento y los mismos niveles de tolerancia. No corra [&hellip;]<\/p>\n","protected":false},"author":1,"featured_media":265,"parent":0,"menu_order":0,"comment_status":"closed","ping_status":"closed","template":"sucursales.php","meta":{"_acf_changed":false,"footnotes":""},"class_list":["post-259","page","type-page","status-publish","has-post-thumbnail","hentry"],"acf":[],"_links":{"self":[{"href":"https:\/\/excelfuso.com\/panama\/wp-json\/wp\/v2\/pages\/259","targetHints":{"allow":["GET"]}}],"collection":[{"href":"https:\/\/excelfuso.com\/panama\/wp-json\/wp\/v2\/pages"}],"about":[{"href":"https:\/\/excelfuso.com\/panama\/wp-json\/wp\/v2\/types\/page"}],"author":[{"embeddable":true,"href":"https:\/\/excelfuso.com\/panama\/wp-json\/wp\/v2\/users\/1"}],"replies":[{"embeddable":true,"href":"https:\/\/excelfuso.com\/panama\/wp-json\/wp\/v2\/comments?post=259"}],"version-history":[{"count":21,"href":"https:\/\/excelfuso.com\/panama\/wp-json\/wp\/v2\/pages\/259\/revisions"}],"predecessor-version":[{"id":385,"href":"https:\/\/excelfuso.com\/panama\/wp-json\/wp\/v2\/pages\/259\/revisions\/385"}],"wp:featuredmedia":[{"embeddable":true,"href":"https:\/\/excelfuso.com\/panama\/wp-json\/wp\/v2\/media\/265"}],"wp:attachment":[{"href":"https:\/\/excelfuso.com\/panama\/wp-json\/wp\/v2\/media?parent=259"}],"curies":[{"name":"wp","href":"https:\/\/api.w.org\/{rel}","templated":true}]}}