{"id":1819,"date":"2024-05-24T10:03:03","date_gmt":"2024-05-24T16:03:03","guid":{"rendered":"https:\/\/excelfuso.com\/panama\/?page_id=1819"},"modified":"2024-05-24T10:03:04","modified_gmt":"2024-05-24T16:03:04","slug":"politica-de-cookies","status":"publish","type":"page","link":"https:\/\/excelfuso.com\/panama\/politica-de-cookies\/","title":{"rendered":"POL\u00cdTICA DE COOKIES"},"content":{"rendered":"\n<p>La p\u00e1gina web de <strong>COMPA\u00d1\u00cdA CHIRICANA DE AUTOM\u00d3VILES, S.A. (FUSO PANAM\u00c1) <\/strong>(en adelante la Web) utiliza cookies para recoger informaci\u00f3n de sesi\u00f3n del usuario mediante el almacenamiento de ficheros en el disco duro del visitante. Su finalidad principal es la de facilitar un acceso m\u00e1s r\u00e1pido a la Web.<\/p>\n\n\n\n<p>Las cookies se asocian \u00fanicamente a un usuario an\u00f3nimo y no proporcionan referencias que permitan recolectar datos personales de los visitantes. Asimismo, la Web utiliza el servicio Google Analytics, el cual es operado por Google Inc., empresa ubicada en California, EEUU. Este servicio provee reportes estad\u00edsticos generales de los usuarios que nos visitan, como pa\u00eds, tipo de navegador, entre otros.&nbsp;<\/p>\n\n\n\n<p>En ning\u00fan momento estos reportes permiten identificar a una persona espec\u00edfica y son utilizados con el fin de optimizar el funcionamiento y la seguridad de la Web. El usuario tiene la posibilidad de deshabilitar Google Analytics en el navegador si lo considera necesario. Para m\u00e1s informaci\u00f3n sobre Google Analytics haga <a href=\"https:\/\/support.google.com\/analytics\/answer\/6004245#zippy=%2Cnuestra-pol%C3%ADtica-de-privacidad%2Cidentificadores-y-cookies-de-google-analytics.\" target=\"_blank\" rel=\"noreferrer noopener\">click aqu\u00ed<\/a>.&nbsp;<\/p>\n\n\n\n<p>En cualquier momento, el usuario podr\u00e1 configurar el navegador para que notifique y rechace la instalaci\u00f3n las cookies enviadas por la Web, sin que ello perjudique la posibilidad del usuario de acceder a los contenidos de esta. Sin embargo, le hacemos notar que, en todo caso, la rapidez de funcionamiento de la p\u00e1gina Web puede disminuir.<\/p>\n\n\n\n<p>\u00bfC\u00f3mo deshabilitar las cookies?<\/p>\n\n\n\n<p>Estos ajustes normalmente se encuentran en las opciones o preferencias del men\u00fa de su navegador.&nbsp;<\/p>\n\n\n\n<p>A continuaci\u00f3n, los pasos para acceder al men\u00fa de configuraci\u00f3n de las cookies en cada uno de los navegadores m\u00e1s conocidos:<\/p>\n\n\n\n<figure class=\"wp-block-table\"><table><tbody><tr><td>Microsoft Edge<\/td><td>Configuraci\u00f3n y m\u00e1s &gt; Configuraci\u00f3n &gt; Borrar datos de exploraci\u00f3n.<\/td><\/tr><tr><td>Firefox<\/td><td>Herramientas &gt; Opciones &gt; Privacidad &gt; Historial &gt; Configuraci\u00f3n personalizada.<\/td><\/tr><tr><td>Chrome<\/td><td>Configuraci\u00f3n &gt; Configuraci\u00f3n avanzada &gt; Privacidad y seguridad &gt; Borrar datos de navegaci\u00f3n<\/td><\/tr><tr><td>Safari<\/td><td>Preferencias &gt; Seguridad. Para m\u00e1s informaci\u00f3n, puede consultar el soporte de Apple o la Ayuda del navegador<\/td><\/tr><\/tbody><\/table><\/figure>\n\n\n\n<p><strong>COMPA\u00d1\u00cdA CHIRICANA DE AUTOM\u00d3VILES, S.A.<\/strong> puede modificar esta Pol\u00edtica de Cookies en funci\u00f3n de las exigencias legales, reglamentarias, o con la finalidad de adaptar dicha pol\u00edtica a las instrucciones dictadas por la Autoridad Nacional de Transparencia y Acceso a la Informaci\u00f3n en la Rep\u00fablica de Panam\u00e1 (ANTAI).&nbsp;<\/p>\n","protected":false},"excerpt":{"rendered":"<p>La p\u00e1gina web de COMPA\u00d1\u00cdA CHIRICANA DE AUTOM\u00d3VILES, S.A. (FUSO PANAM\u00c1) (en adelante la Web) utiliza cookies para recoger informaci\u00f3n de sesi\u00f3n del usuario mediante el almacenamiento de ficheros en el disco duro del visitante. Su finalidad principal es la de facilitar un acceso m\u00e1s r\u00e1pido a la Web. Las cookies se asocian \u00fanicamente a [&hellip;]<\/p>\n","protected":false},"author":1,"featured_media":0,"parent":0,"menu_order":0,"comment_status":"closed","ping_status":"closed","template":"tos\/tos.php","meta":{"_acf_changed":false,"footnotes":""},"class_list":["post-1819","page","type-page","status-publish","hentry"],"acf":[],"_links":{"self":[{"href":"https:\/\/excelfuso.com\/panama\/wp-json\/wp\/v2\/pages\/1819","targetHints":{"allow":["GET"]}}],"collection":[{"href":"https:\/\/excelfuso.com\/panama\/wp-json\/wp\/v2\/pages"}],"about":[{"href":"https:\/\/excelfuso.com\/panama\/wp-json\/wp\/v2\/types\/page"}],"author":[{"embeddable":true,"href":"https:\/\/excelfuso.com\/panama\/wp-json\/wp\/v2\/users\/1"}],"replies":[{"embeddable":true,"href":"https:\/\/excelfuso.com\/panama\/wp-json\/wp\/v2\/comments?post=1819"}],"version-history":[{"count":1,"href":"https:\/\/excelfuso.com\/panama\/wp-json\/wp\/v2\/pages\/1819\/revisions"}],"predecessor-version":[{"id":1820,"href":"https:\/\/excelfuso.com\/panama\/wp-json\/wp\/v2\/pages\/1819\/revisions\/1820"}],"wp:attachment":[{"href":"https:\/\/excelfuso.com\/panama\/wp-json\/wp\/v2\/media?parent=1819"}],"curies":[{"name":"wp","href":"https:\/\/api.w.org\/{rel}","templated":true}]}}