{"id":1817,"date":"2024-05-24T10:02:07","date_gmt":"2024-05-24T16:02:07","guid":{"rendered":"https:\/\/excelfuso.com\/panama\/?page_id=1817"},"modified":"2024-05-24T10:04:19","modified_gmt":"2024-05-24T16:04:19","slug":"aviso-de-privacidad","status":"publish","type":"page","link":"https:\/\/excelfuso.com\/panama\/aviso-de-privacidad\/","title":{"rendered":"AVISO DE PRIVACIDAD"},"content":{"rendered":"\n<p>EXCEL AUTOMOTRIZ, pone a disposici\u00f3n de los titulares de informaci\u00f3n, proveedores, contratistas, colaboradores y la comunidad en general, su Pol\u00edtica de Protecci\u00f3n de Datos Personal, la cual contiene las directrices que se han definido para el manejo adecuado de los datos personales, los mecanismos para ejercer los derechos de los titulares de informaci\u00f3n, finalidades del tratamiento y los deberes que tiene como responsable de informaci\u00f3n personal, as\u00ed como regular otros aspectos en materia de protecci\u00f3n de datos personales.<\/p>\n\n\n\n<p><strong>IDENTIFICACI\u00d3N DEL RESPONSABLE DEL TRATAMIENTO DE SUS DATOS PERSONALES<\/strong><\/p>\n\n\n\n<ul class=\"wp-block-list\">\n<li>Denominaci\u00f3n social: Compa\u00f1\u00eda Chiricana de Autom\u00f3viles, S.A.<\/li>\n\n\n\n<li>Domicilio: Ciudad de Panam\u00e1, Panam\u00e1.<\/li>\n\n\n\n<li>Direcci\u00f3n: Oficinas administrativas de Excel Automotriz, sucursal Los Pueblos, Ciudad de Panam\u00e1.<\/li>\n\n\n\n<li>Tel\u00e9fono: (507) 3788800<\/li>\n\n\n\n<li>Correo electr\u00f3nico: <a href=\"mailto:dataprivacy@excelautomotriz.com\">dataprivacy@excelautomotriz.com<\/a><\/li>\n<\/ul>\n\n\n\n<p><strong>TRATAMIENTO DE LOS DATOS Y SU FINALIDAD<\/strong><\/p>\n\n\n\n<p>EXCEL AUTOMOTRIZ y las dem\u00e1s empresas del grupo empresarial, recolectar\u00e1, solicitar\u00e1, consultar\u00e1, verificar\u00e1, almacenar\u00e1, compartir\u00e1, enviar\u00e1, reportar\u00e1, modificar\u00e1, transferir\u00e1, transmitir\u00e1, actualizar\u00e1, usar\u00e1 y conservar\u00e1 los datos personales de sus grupos de inter\u00e9s, principalmente para el cumplimiento de sus funciones como empresa, empleador, receptor de servicios y para los fines legales y contractuales necesarios para dar cumplimiento a las obligaciones legales, el desarrollo del objeto social de cada una y aquellas inherentes a las relaciones de \u00edndole precontractual, contractual y postcontractual de conformidad con las normas que regulen el tratamiento de datos personales; las finalidades del uso de los datos personales, se encuentran indicadas en el siguiente numeral. Se precisa adicionalmente que EXCEL AUTOMOTRIZ realizar\u00e1 tratamiento por medio de herramientas que permitan obtener un resultado automatizado, incluyendo, pero no limit\u00e1ndose a la elaboraci\u00f3n de perfiles.&nbsp;<\/p>\n\n\n\n<p>En el tratamiento de datos personales sensibles se garantizar\u00e1 que la autorizaci\u00f3n sea expl\u00edcita, clara y previa. Es de aclarar que ning\u00fan titular de informaci\u00f3n est\u00e1 en la obligaci\u00f3n de dar respuesta a interrogantes relacionados con este tipo de datos.<\/p>\n\n\n\n<p><strong>MEDIDAS DE SEGURIDAD<\/strong><\/p>\n\n\n\n<p>Para garantizar la seguridad de la informaci\u00f3n personal que reposa en las bases de datos, EXCEL AUTOMOTRIZ establece, implementa, mantiene y mejora continuamente las medidas de Seguridad de la Informaci\u00f3n, y se adoptan buenas pr\u00e1cticas sobre ciberseguridad, seguridad de la informaci\u00f3n y protecci\u00f3n de datos personales y dan cumplimiento a la Ley 81 del 2019, su Decreto Ejecutivo y dem\u00e1s normas de los adicionen, modifiquen o actualicen.<\/p>\n\n\n\n<p><strong>TRANSFERENCIA DE DATOS PERSONALES<\/strong><\/p>\n\n\n\n<p>EXCEL AUTOMOTRIZ ha adoptado las medidas necesarias para garantizar que los terceros a los cuales se les transfiera informaci\u00f3n se comprometan a cumplir con lo exigido por la Ley 81 del 2019, dichas medidas, se encuentran consignadas en la Ficha T\u00e9cnica de Protecci\u00f3n de Datos Personales.<\/p>\n\n\n\n<p><strong>CANALES PARA EJERCER SUS DERECHOS<\/strong><\/p>\n\n\n\n<p>Podr\u00e1 ejercer sus derechos de acceso, rectificaci\u00f3n, cancelaci\u00f3n, oposici\u00f3n, portabilidad y revocar la autorizaci\u00f3n a trav\u00e9s de los siguientes canales:<\/p>\n\n\n\n<p>Canal de atenci\u00f3n al ciudadano: dataprivacy@excelautomotriz.com&nbsp;<\/p>\n\n\n\n<p><strong>POL\u00cdTICA DE PROTECCI\u00d3N DE DATOS PERSONALES<\/strong><\/p>\n\n\n\n<p>Para acceder a la Pol\u00edtica de Protecci\u00f3n de Datos Personales haga<strong> <a href=\"https:\/\/excelfuso.com\/panama\/politica-de-proteccion-de-datos-personales\/\" data-type=\"link\" data-id=\"https:\/\/excelfuso.com\/panama\/politica-de-proteccion-de-datos-personales\/\">click aqu\u00ed<\/a><\/strong><\/p>\n\n\n\n<p><strong>PROCEDIMIENTO DE REVOCACI\u00d3N DE CONSENTIMIENTO PARA EL TRATAMIENTO DE DATOS PERSONALES<\/strong><\/p>\n\n\n\n<p>En cualquier momento, usted puede revocar el consentimiento que, en su caso, haya otorgado al Responsable para el tratamiento de sus datos personales. Sin embargo, es importante que tenga en cuenta que no en todos los casos se podr\u00e1 atender su solicitud o concluir el uso de forma inmediata, ya que, es posible que por alguna obligaci\u00f3n legal se requiera seguir tratando sus datos personales. Asimismo, usted deber\u00e1 considerar que, para ciertos fines, la revocaci\u00f3n de su consentimiento implicar\u00e1 que no se le pueda seguir prestando el servicio que solicit\u00f3, o la conclusi\u00f3n de su relaci\u00f3n con el Responsable.<\/p>\n\n\n\n<p><strong>DERECHO DE PROMOVER LOS PROCEDIMIENTOS DE PROTECCI\u00d3N DE DERECHOS Y DE VERIFICACI\u00d3N ANTE ENTIDADES COMPETENTES.<\/strong><\/p>\n\n\n\n<p>Cualquier queja o informaci\u00f3n adicional respecto al tratamiento de sus datos personales o duda en relaci\u00f3n con la Ley, podr\u00e1 dirigirla a las autoridades competentes.<\/p>\n\n\n\n<p><strong>MODIFICACI\u00d3N AL AVISO DE PRIVACIDAD<\/strong><\/p>\n\n\n\n<p>El presente documento puede sufrir modificaciones, cambios o actualizaciones derivadas de nuevos requerimientos legales, de las propias necesidades del Responsable por los servicios que ofrece, de las pr\u00e1cticas de privacidad o por otras causas, por lo que el Responsable se reserva el derecho de efectuar en cualquier momento las modificaciones o actualizaciones que sean necesarias al presente aviso de privacidad. El Responsable pondr\u00e1 a disposici\u00f3n del cliente, la versi\u00f3n actualizada del aviso de privacidad, en la siguiente p\u00e1gina de internet: www.excelautomotriz.com<\/p>\n\n\n\n<p>Fecha de \u00faltima actualizaci\u00f3n: 20\/07\/2023<\/p>\n","protected":false},"excerpt":{"rendered":"<p>EXCEL AUTOMOTRIZ, pone a disposici\u00f3n de los titulares de informaci\u00f3n, proveedores, contratistas, colaboradores y la comunidad en general, su Pol\u00edtica de Protecci\u00f3n de Datos Personal, la cual contiene las directrices que se han definido para el manejo adecuado de los datos personales, los mecanismos para ejercer los derechos de los titulares de informaci\u00f3n, finalidades del [&hellip;]<\/p>\n","protected":false},"author":1,"featured_media":0,"parent":0,"menu_order":0,"comment_status":"closed","ping_status":"closed","template":"tos\/tos.php","meta":{"_acf_changed":false,"footnotes":""},"class_list":["post-1817","page","type-page","status-publish","hentry"],"acf":[],"_links":{"self":[{"href":"https:\/\/excelfuso.com\/panama\/wp-json\/wp\/v2\/pages\/1817","targetHints":{"allow":["GET"]}}],"collection":[{"href":"https:\/\/excelfuso.com\/panama\/wp-json\/wp\/v2\/pages"}],"about":[{"href":"https:\/\/excelfuso.com\/panama\/wp-json\/wp\/v2\/types\/page"}],"author":[{"embeddable":true,"href":"https:\/\/excelfuso.com\/panama\/wp-json\/wp\/v2\/users\/1"}],"replies":[{"embeddable":true,"href":"https:\/\/excelfuso.com\/panama\/wp-json\/wp\/v2\/comments?post=1817"}],"version-history":[{"count":2,"href":"https:\/\/excelfuso.com\/panama\/wp-json\/wp\/v2\/pages\/1817\/revisions"}],"predecessor-version":[{"id":1821,"href":"https:\/\/excelfuso.com\/panama\/wp-json\/wp\/v2\/pages\/1817\/revisions\/1821"}],"wp:attachment":[{"href":"https:\/\/excelfuso.com\/panama\/wp-json\/wp\/v2\/media?parent=1817"}],"curies":[{"name":"wp","href":"https:\/\/api.w.org\/{rel}","templated":true}]}}