{"id":13,"date":"2016-04-27T10:33:08","date_gmt":"2016-04-27T16:33:08","guid":{"rendered":"https:\/\/excelfuso.com\/panama\/\/?page_id=13"},"modified":"2016-06-29T08:09:24","modified_gmt":"2016-06-29T14:09:24","slug":"financiamiento","status":"publish","type":"page","link":"https:\/\/excelfuso.com\/panama\/financiamiento\/","title":{"rendered":"Financiamiento"},"content":{"rendered":"<h2><strong>EN AUTOFACIL TODO MARCHA SOBRE RUEDAS<\/strong><\/h2>\n<div>\n<p>Autofacil es el grupo regional de la familia de Excel comprometido en brindar soluciones financieras \u00e1giles e innovadoras para la adquisici\u00f3n de autom\u00f3viles, por medio de planes de pago flexibles. El objetivo es superar las expectativas de nuestros clientes y asegurarla calidad del servicio mediante el mejoramiento continuo.<\/p>\n<\/div>\n<h2><strong>\u00bfPOR D\u00d3NDE COMIENZO?<\/strong><\/h2>\n<div>\n<p>Nuestra promesa es sencilla: facilidad. Es por ello que Autofacil cuenta con una serie de planes hechos a tu medida para facilitar todo el proceso y dise\u00f1ar tus cuotas de acuerdo a tu flujo de efectivo.<\/p>\n<\/div>\n<h2><\/h2>\n<h2><strong>Asalariado<\/strong><\/h2>\n<ul>\n<li>C\u00e9dula<\/li>\n<li>Licencia<\/li>\n<li>Recibos de servicios (agua, luz, tel\u00e9fono cable o contrato de arrendamiento) no mayor a 60 d\u00edas<\/li>\n<li>Carta de trabajo<\/li>\n<li>Ficha de Seguro Social (Mes actual)<\/li>\n<li>\u00daltimo talonario de pago<\/li>\n<li>Copia de resoluci\u00f3n (solo pensionados)<\/li>\n<li>Jubilados de la Zona del Canal presentar certificaci\u00f3n de ingreso anual y estado de cuenta de los \u00faltimos 4 meses.<\/li>\n<\/ul>\n<h2><\/h2>\n<h2><strong>Independiente<\/strong><\/h2>\n<ul>\n<li>C\u00e9dula<\/li>\n<li>Licencia<\/li>\n<li>Recibo de servicios (agua, luz, tel\u00e9fono, cable o contrato de arrendamiento) no mayor a 60 d\u00edas<\/li>\n<li>Dos \u00faltimas declaraciones de renta o estados financieros.<\/li>\n<li>Boletas de pago de las declaraciones de renta o paz y salvo<\/li>\n<li>Estados de cuenta bancarios de los \u00faltimos 4 meses<\/li>\n<li>Documentos que sustenten ingresos. Facturas, contratos de arrendamiento, contratos de transporte (colegial, turismo), contrato de obras.<\/li>\n<\/ul>\n<h2><\/h2>\n<h2><strong>Jur\u00eddica<\/strong><\/h2>\n<ul>\n<li>C\u00e9dula o pasaporte<\/li>\n<li>Recibo de servicios (agua, luz, tel\u00e9fono, cable o contrato de arrendamiento) no mayor a 60 d\u00edas<\/li>\n<li>Aviso de operaciones<\/li>\n<li>Certificaci\u00f3n de Tasa \u00danica<\/li>\n<li>Poder de representante legal si es necesario o acta de junta de accionistas o junta de directores<\/li>\n<li>Dos \u00faltimas declaraciones de renta<\/li>\n<li>Boleta de pago de declaraci\u00f3n de renta o paz y salvo<\/li>\n<li>Si es cooperativa debe presentar certificaci\u00f3n de IPACOOP<\/li>\n<li>Identificaci\u00f3n de beneficiarios finales (modelo entregado por ejecutivo de financiamiento).<\/li>\n<\/ul>\n<h2><\/h2>\n<h2><strong>Extranjeros<\/strong><\/h2>\n<ul>\n<li>Pasaporte<\/li>\n<li>Carn\u00e9 de migraci\u00f3n<\/li>\n<li>Permiso de trabajo<\/li>\n<li>Licencia<\/li>\n<li>Recibo de servicios (agua, luz, tel\u00e9fono, cable o contrato de arrendamiento) no mayor a 60 d\u00edas<\/li>\n<li>Documentos que sustenten ingresos: facturas, contratos de arrendamiento, contratos de transporte (colegial, turismo), contrato de obras.<\/li>\n<li>Estados de cuentas bancarios de los \u00faltimos 4 meses.<\/li>\n<\/ul>\n<h2><\/h2>\n<h2><strong>CONOCE NUESTROS PLANES<\/strong><\/h2>\n<div>\n<p>Ac\u00e9rcate, conoce lo que tenemos disponibles para ti y elige el que m\u00e1s te convenga, desde planes flexibles para ajustar las cuotas a tu presupuesto, planes doce+1 y doce+2 que est\u00e1n pensados para establecer cuotas altas en el mes en que recibes m\u00e1s ingresos y planes escalonados en el tiempo.<\/p>\n<\/div>\n<h2><\/h2>\n<h2><strong>LEASING<\/strong><\/h2>\n<div>Autofacil tambi\u00e9n te ofrece este m\u00e9todo para arrendar un auto nuevo durante un plazo determinado con opci\u00f3n de compra al final del per\u00edodo. Conoce las ventajas fiscales, financieras y operativas para tu empresa y para ti como persona natural.<\/div>\n","protected":false},"excerpt":{"rendered":"<p>EN AUTOFACIL TODO MARCHA SOBRE RUEDAS Autofacil es el grupo regional de la familia de Excel comprometido en brindar soluciones financieras \u00e1giles e innovadoras para la adquisici\u00f3n de autom\u00f3viles, por medio de planes de pago flexibles. El objetivo es superar las expectativas de nuestros clientes y asegurarla calidad del servicio mediante el mejoramiento continuo. \u00bfPOR [&hellip;]<\/p>\n","protected":false},"author":1,"featured_media":164,"parent":0,"menu_order":0,"comment_status":"closed","ping_status":"closed","template":"","meta":{"_acf_changed":false,"footnotes":""},"class_list":["post-13","page","type-page","status-publish","has-post-thumbnail","hentry"],"acf":[],"_links":{"self":[{"href":"https:\/\/excelfuso.com\/panama\/wp-json\/wp\/v2\/pages\/13","targetHints":{"allow":["GET"]}}],"collection":[{"href":"https:\/\/excelfuso.com\/panama\/wp-json\/wp\/v2\/pages"}],"about":[{"href":"https:\/\/excelfuso.com\/panama\/wp-json\/wp\/v2\/types\/page"}],"author":[{"embeddable":true,"href":"https:\/\/excelfuso.com\/panama\/wp-json\/wp\/v2\/users\/1"}],"replies":[{"embeddable":true,"href":"https:\/\/excelfuso.com\/panama\/wp-json\/wp\/v2\/comments?post=13"}],"version-history":[{"count":11,"href":"https:\/\/excelfuso.com\/panama\/wp-json\/wp\/v2\/pages\/13\/revisions"}],"predecessor-version":[{"id":373,"href":"https:\/\/excelfuso.com\/panama\/wp-json\/wp\/v2\/pages\/13\/revisions\/373"}],"wp:featuredmedia":[{"embeddable":true,"href":"https:\/\/excelfuso.com\/panama\/wp-json\/wp\/v2\/media\/164"}],"wp:attachment":[{"href":"https:\/\/excelfuso.com\/panama\/wp-json\/wp\/v2\/media?parent=13"}],"curies":[{"name":"wp","href":"https:\/\/api.w.org\/{rel}","templated":true}]}}