{"id":259,"date":"2016-06-21T17:20:24","date_gmt":"2016-06-21T23:20:24","guid":{"rendered":"https:\/\/excelfuso.com\/guatemala\/\/?page_id=259"},"modified":"2016-06-28T23:06:36","modified_gmt":"2016-06-29T05:06:36","slug":"repuestos","status":"publish","type":"page","link":"https:\/\/excelfuso.com\/guatemala\/repuestos\/","title":{"rendered":"Repuestos"},"content":{"rendered":"<h2 style=\"text-align: center;\">PARTES ORIGINALES<\/h2>\n<p>Las partes originales est\u00e1n dise\u00f1adas y fabricadas para cumplir con las especificaciones del fabricante y mantienen altos est\u00e1ndares de calidad. Las piezas no originales pueden parecer similares y llevar a cabo la misma funci\u00f3n b\u00e1sica, sin embargo, esto no asegura que tengan el adecuado funcionamiento y los mismos niveles de tolerancia.<\/p>\n<p>No corra riesgos en su inversi\u00f3n, siempre exija los repuestos Originales Fuso.<\/p>\n<h2 style=\"text-align: center;\">BENEFICIO DE USO DE PARTES ORIGINALES<\/h2>\n<p>Los camiones Fuso, son veh\u00edculos de alto rendimiento y desempe\u00f1o por lo que los Repuestos a utilizar deber\u00e1n cumplir las especificaciones del fabricante. Cada Repuesto Original al momento de la fabricaci\u00f3n es examinado en pruebas de resistencia, consistencia, rendimiento y durabilidad para garantizar el \u00f3ptimo funcionamiento.<\/p>\n<h2 style=\"text-align: center;\">SUCURSALES EN TODO EL PA\u00cdS<\/h2>\n<div class=\"columns\">\n<div class=\"column\">\n<h3>Pradera<\/h3>\n<p><i class=\"fa fa-map-marker\"><\/i>18 calle Blv. Los Pr\u00f3ceres 26-41. Zona 10.<br \/>\n<strong>Tel.<\/strong>2277-8200<br \/>\n<strong>Horarios:\u00a0<\/strong>Lunes \u2013 Viernes: 8:00 \u2013 5:30 p.m.<br \/>\nS\u00e1bado: 8:00 \u2013 12:00 p.m.<\/p>\n<h3>BMW zona 9<\/h3>\n<p><i class=\"fa fa-map-marker\"><\/i> 3a. Avenida 9-79, Guatemala.<br \/>\n<strong>Tel.<\/strong> 2277 &#8211; 7800<br \/>\n<strong>Horarios:<\/strong> Lunes \u2013 Viernes: 8:00 a.m.\u2013 5:00 p.m.<br \/>\nS\u00e1bado: 8:00 a.m. \u2013 4:00 p.m.<\/p>\n<h3>Roosevelt<\/h3>\n<p><i class=\"fa fa-map-marker\"><\/i> Km. 14.5 Calzada Roosevelt 5-86 Zona 3, Coti\u00f3, Mixco.<br \/>\n<strong>Tel.<\/strong> 2277 &#8211; 8517 ; 2277 &#8211; 8518<br \/>\n<strong>Horarios:<\/strong> Lunes \u2013 Viernes: 8:00 a.m. \u2013 5:00 p.m.<br \/>\nS\u00e1bado: 8:00 a.m. \u2013 12:00 p.m.<\/p>\n<h3>Tivoli<\/h3>\n<p><i class=\"fa fa-map-marker\"><\/i> 10 Calle 0-79 zona 9.<br \/>\n<strong>Tel.<\/strong> 2277 &#8211; 8100<br \/>\n<strong>Horarios:<\/strong> Lunes \u2013 Viernes: 8:00 a.m. \u2013 5:00 p.m.<br \/>\nS\u00e1bado: 8:00 a.m. \u2013 4:00 p.m.<\/p>\n<\/div>\n<div class=\"column\">\n<h3>Cemosa<\/h3>\n<p><i class=\"fa fa-map-marker\"><\/i> Calzada Aguilar Batres 27-20 Z.11, Ciudad de Guatemala.<br \/>\n<strong>Tel.<\/strong> 2277 &#8211; 8000<br \/>\n<strong>Horarios:\u00a0<\/strong>Lunes \u2013 Viernes: 8:00 a.m.\u2013 5:00 p.m.<br \/>\nS\u00e1bado: 8:00 a.m. \u2013 4:00 p.m.<\/p>\n<h3>Charcas<\/h3>\n<p><i class=\"fa fa-map-marker\"><\/i> 7a. Av. 34-43 zona 11, Las Charcas.<br \/>\n<strong>Tel.<\/strong> 2277 &#8211; 8300<br \/>\n<strong>Horarios:<\/strong> Lunes \u2013 Viernes: 8:00 a.m. \u2013 5:00 p.m.<br \/>\nS\u00e1bado: 8:00 a.m. \u2013 4:00 p.m.<\/p>\n<h3>Carretera a El Salvador<\/h3>\n<p><i class=\"fa fa-map-marker\"><\/i> km. 16.5 carretera a El Salvador, Don Justo, Fraijanes.<br \/>\n<strong>Tel.<\/strong> 2277 &#8211; 8400<br \/>\n<strong>Horarios:<\/strong> Lunes \u2013 Viernes: 8:00 a.m. \u2013 5:00 p.m.<br \/>\nS\u00e1bado: 8:00 a.m.\u2013 4:00 p.m.<\/p>\n<h3>Xela<\/h3>\n<p><i class=\"fa fa-map-marker\"><\/i> 9a. Calle 24B-49 Zona 7 Quetzaltenango. A un costado del Gran Karmel.<br \/>\n<strong>Tel.<\/strong> 7740 &#8211; 1111<br \/>\n<strong>Horarios:<\/strong> Lunes \u2013 Viernes: 8:00 a.m. \u2013 5:00 p.m.<br \/>\nS\u00e1bado: 8:00 a.m.\u2013 4:00 p.m.<\/p>\n<\/div>\n<\/div>\n<div><a href=\"tel:5022277-8107\"><img loading=\"lazy\" decoding=\"async\" class=\"wp-image-334  aligncenter\" src=\"https:\/\/excelfuso.com\/guatemala\/\/wp-content\/uploads\/2016\/06\/2277-8107-300x72.jpg\" width=\"384\" height=\"84\" \/><\/a><\/div>\n<h2 style=\"text-align: center;\">SERVICIO A DOMICILIO<\/h2>\n<p>Llama a nuestro n\u00famero telef\u00f3nico ynuestros especialistas te asesoraran en el repuesto exacto para tu cami\u00f3n. Nuestros cat\u00e1logos electr\u00f3nicos nos permiten recomendarte la pieza exacta para tus necesidades.<\/p>\n<p>Compra, cotizar y recibe tus repuestos para tu cami\u00f3n a domicilio.<\/p>\n","protected":false},"excerpt":{"rendered":"<p>PARTES ORIGINALES Las partes originales est\u00e1n dise\u00f1adas y fabricadas para cumplir con las especificaciones del fabricante y mantienen altos est\u00e1ndares de calidad. Las piezas no originales pueden parecer similares y llevar a cabo la misma funci\u00f3n b\u00e1sica, sin embargo, esto no asegura que tengan el adecuado funcionamiento y los mismos niveles de tolerancia. No corra [&hellip;]<\/p>\n","protected":false},"author":1,"featured_media":265,"parent":0,"menu_order":0,"comment_status":"closed","ping_status":"closed","template":"sucursales.php","meta":{"_acf_changed":false,"footnotes":""},"class_list":["post-259","page","type-page","status-publish","has-post-thumbnail","hentry"],"acf":[],"_links":{"self":[{"href":"https:\/\/excelfuso.com\/guatemala\/wp-json\/wp\/v2\/pages\/259","targetHints":{"allow":["GET"]}}],"collection":[{"href":"https:\/\/excelfuso.com\/guatemala\/wp-json\/wp\/v2\/pages"}],"about":[{"href":"https:\/\/excelfuso.com\/guatemala\/wp-json\/wp\/v2\/types\/page"}],"author":[{"embeddable":true,"href":"https:\/\/excelfuso.com\/guatemala\/wp-json\/wp\/v2\/users\/1"}],"replies":[{"embeddable":true,"href":"https:\/\/excelfuso.com\/guatemala\/wp-json\/wp\/v2\/comments?post=259"}],"version-history":[{"count":16,"href":"https:\/\/excelfuso.com\/guatemala\/wp-json\/wp\/v2\/pages\/259\/revisions"}],"predecessor-version":[{"id":348,"href":"https:\/\/excelfuso.com\/guatemala\/wp-json\/wp\/v2\/pages\/259\/revisions\/348"}],"wp:featuredmedia":[{"embeddable":true,"href":"https:\/\/excelfuso.com\/guatemala\/wp-json\/wp\/v2\/media\/265"}],"wp:attachment":[{"href":"https:\/\/excelfuso.com\/guatemala\/wp-json\/wp\/v2\/media?parent=259"}],"curies":[{"name":"wp","href":"https:\/\/api.w.org\/{rel}","templated":true}]}}