{"id":15,"date":"2016-04-27T10:34:44","date_gmt":"2016-04-27T16:34:44","guid":{"rendered":"https:\/\/excelfuso.com\/guatemala\/\/?page_id=15"},"modified":"2016-06-28T17:19:40","modified_gmt":"2016-06-28T23:19:40","slug":"talleres","status":"publish","type":"page","link":"https:\/\/excelfuso.com\/guatemala\/talleres\/","title":{"rendered":"Talleres"},"content":{"rendered":"<h2 style=\"text-align: center;\"><strong>TALLER DE CAMIONES<\/strong><\/h2>\n<p style=\"text-align: left;\"><strong>CONF\u00cdALE TU CAMI\u00d3N A LOS ESPECIALISTAS<\/strong><\/p>\n<p>Contamos con los mas altos est\u00e1ndares de calidad y talleres y t\u00e9cnicos certificados por f\u00e1brica con programas de mejora continua y capacitaci\u00f3n constante para t\u00e9cnicos y de personal de Servicio al Cliente.<\/p>\n<p style=\"text-align: justify;\">Nuestro taller cuenta con equipo y herramientas de ultima tecnolog\u00eda y piezas 100% genuinas de alta calidad y servicios especiales para flotas y cuentas con los siguientes beneficios:<\/p>\n<div class=\"columns\">\n<div class=\"column\">\n<ul>\n<li>\n<h4>Programas de Mantenimiento a la Medida<\/h4>\n<ol>\n<li>Contamos con las rutinas de mantenimiento avaladas por el fabricante.<\/li>\n<li>Ofrecemos Flexibilidad de dise\u00f1ar rutinas de mantenimiento preventivo y correctivo a la medida de cada cliente.<\/li>\n<li>Disponibilidad de Opciones de Cr\u00e9dito para Mantenimientos Preventivos y Correctivos<\/li>\n<\/ol>\n<h4>Capacitaciones a motoristas y encargados de flotas<\/h4>\n<ol>\n<li>Principios generales de mantenimiento y revisiones de rutina.<\/li>\n<li>Especificaciones b\u00e1sicas del veh\u00edculo.<\/li>\n<li>T\u00e9cnicas de Conducci\u00f3n para ahorro de combustible.<\/li>\n<li>Manejo defensivo.<\/li>\n<li>Recomendaciones de carga y seguridad.<\/li>\n<\/ol>\n<h4>Sistema de Recordatorios de Mantenimiento y Administraci\u00f3n de Flotas<\/h4>\n<ol>\n<li>Sistema de Recordatorios de Mantenimiento y Administraci\u00f3n de Flotas.<\/li>\n<li>Contamos con Sistema de Recordatorio de Mantenimiento.<\/li>\n<li>Disponibilidad de Horarios Flexibles de Atenci\u00f3n.<\/li>\n<li>Menor tiempo de reparaci\u00f3n y permanencia en el taller.<\/li>\n<li>Al realizar la cita v\u00eda telef\u00f3nica se reserva el espacio para su cami\u00f3n FUSO el cual pasa inmediatamente a la l\u00ednea de producci\u00f3n.<\/li>\n<li>Llevamos el expediente vitalicio de cada cami\u00f3n.<\/li>\n<\/ol>\n<\/li>\n<\/ul>\n<\/div>\n<div class=\"column\">\n<ul>\n<li>\n<h4>Talleres m\u00f3viles<\/h4>\n<ol>\n<li>Servicio profesional certificado por los fabricantes.<\/li>\n<li>Atiende las necesidades mec\u00e1nicas de su flota en sus planteles de trabjo.<\/li>\n<li>Realizar todos los servicios de mantenimiento.<\/li>\n<\/ol>\n<h4>Pit express<\/h4>\n<ol>\n<li>Servicio de mantenimiento r\u00e1pido para minimizar el tiempo de permanencia en el taller.<\/li>\n<li>El Servicio de Pit Express dise\u00f1ado para camiones es capaz de reducir a la mitad el tiempo de permanencia en el taller.<\/li>\n<li>Requisito Programar Cita.<\/li>\n<\/ol>\n<h4>Excel online<\/h4>\n<ol>\n<li>Plataforma Web para acceder la informaci\u00f3n de sus camiones.<\/li>\n<li>Permite programar citas de mantenimiento.<\/li>\n<li>Ver el avance de mantenimiento en tiempo real.<\/li>\n<li>Aprobar presupuestos.<\/li>\n<li>Pago en l\u00ednea.<\/li>\n<li>Chat en l\u00ednea.<\/li>\n<\/ol>\n<\/li>\n<\/ul>\n<\/div>\n<\/div>\n<p>&nbsp;<\/p>\n","protected":false},"excerpt":{"rendered":"<p>TALLER DE CAMIONES CONF\u00cdALE TU CAMI\u00d3N A LOS ESPECIALISTAS Contamos con los mas altos est\u00e1ndares de calidad y talleres y t\u00e9cnicos certificados por f\u00e1brica con programas de mejora continua y capacitaci\u00f3n constante para t\u00e9cnicos y de personal de Servicio al Cliente. Nuestro taller cuenta con equipo y herramientas de ultima tecnolog\u00eda y piezas 100% genuinas [&hellip;]<\/p>\n","protected":false},"author":1,"featured_media":103,"parent":0,"menu_order":0,"comment_status":"closed","ping_status":"closed","template":"sucursales.php","meta":{"_acf_changed":false,"footnotes":""},"class_list":["post-15","page","type-page","status-publish","has-post-thumbnail","hentry"],"acf":[],"_links":{"self":[{"href":"https:\/\/excelfuso.com\/guatemala\/wp-json\/wp\/v2\/pages\/15","targetHints":{"allow":["GET"]}}],"collection":[{"href":"https:\/\/excelfuso.com\/guatemala\/wp-json\/wp\/v2\/pages"}],"about":[{"href":"https:\/\/excelfuso.com\/guatemala\/wp-json\/wp\/v2\/types\/page"}],"author":[{"embeddable":true,"href":"https:\/\/excelfuso.com\/guatemala\/wp-json\/wp\/v2\/users\/1"}],"replies":[{"embeddable":true,"href":"https:\/\/excelfuso.com\/guatemala\/wp-json\/wp\/v2\/comments?post=15"}],"version-history":[{"count":72,"href":"https:\/\/excelfuso.com\/guatemala\/wp-json\/wp\/v2\/pages\/15\/revisions"}],"predecessor-version":[{"id":325,"href":"https:\/\/excelfuso.com\/guatemala\/wp-json\/wp\/v2\/pages\/15\/revisions\/325"}],"wp:featuredmedia":[{"embeddable":true,"href":"https:\/\/excelfuso.com\/guatemala\/wp-json\/wp\/v2\/media\/103"}],"wp:attachment":[{"href":"https:\/\/excelfuso.com\/guatemala\/wp-json\/wp\/v2\/media?parent=15"}],"curies":[{"name":"wp","href":"https:\/\/api.w.org\/{rel}","templated":true}]}}