{"id":146,"date":"2016-06-02T14:22:40","date_gmt":"2016-06-02T20:22:40","guid":{"rendered":"https:\/\/excelfuso.com\/guatemala\/\/?page_id=146"},"modified":"2016-06-02T15:14:26","modified_gmt":"2016-06-02T21:14:26","slug":"vehiculos-comerciales-excel","status":"publish","type":"page","link":"https:\/\/excelfuso.com\/guatemala\/vehiculos-comerciales-excel\/","title":{"rendered":"Veh\u00edculos Comerciales Excel"},"content":{"rendered":"<h2 style=\"text-align: justify;\"><strong>Respaldamos tu FUSO<\/strong><\/h2>\n<p style=\"text-align: justify;\"><a href=\"https:\/\/excelfuso.com\/guatemala\/\/wp-content\/uploads\/2016\/06\/vehiculoscomerciales.jpg\"><img loading=\"lazy\" decoding=\"async\" class=\"wp-image-180 alignright\" src=\"https:\/\/excelfuso.com\/guatemala\/\/wp-content\/uploads\/2016\/06\/vehiculoscomerciales-1024x427.jpg\" alt=\"vehiculoscomerciales\" width=\"425\" height=\"181\" \/><\/a>Al momento de comprar tu cami\u00f3n considera lo importante que es tener un distribuidor como\u00a0Excel con las mejores marcas, a\u00f1os de experiencia y sobre todo la solidez del servicio post venta\u00a0con una capacidad y rapidez para resolver aver\u00edas o realizar mantenimientos en el taller.<\/p>\n<p style=\"text-align: justify;\">Excel Automotriz cuenta con 98 a\u00f1os innovando para brindar el mejor servicio dando 0\u00a0preocupaciones a sus clientes.<\/p>\n<p style=\"text-align: justify;\">Contamos con ejecutivos capacitados para asesorarte en cual es mejor cami\u00f3n para tu necesidad\u00a0de transportar carga y cual la mejor forma de reducir el costo de tenencia del mismo con ahorros\u00a0de combustible gracias a los camiones aerodin\u00e1micos, capacitaci\u00f3n a pilotos de conducci\u00f3n\u00a0eficiente y manejo defensivo, menor necesidad de mantenimientos y amplio inventario de\u00a0repuestos para minimizar el tiempo de permanencia en el taller aumentando notablemente la\u00a0productividad.<\/p>\n<p style=\"text-align: justify;\">Nuestros talleres y t\u00e9cnicos est\u00e1n certificados por f\u00e1brica con programas de mejora continua y\u00a0cuentan con una capacitaci\u00f3n constante, equipo y herramientas de \u00faltima tecnolog\u00eda.<\/p>\n<p style=\"text-align: justify;\"><a href=\"https:\/\/excelfuso.com\/guatemala\/\/wp-content\/uploads\/2016\/06\/1200x500_1.jpg\"><img loading=\"lazy\" decoding=\"async\" class=\"alignnone wp-image-190 size-full\" src=\"https:\/\/excelfuso.com\/guatemala\/\/wp-content\/uploads\/2016\/06\/1200x500_1.jpg\" alt=\"1200x500_1\" width=\"1200\" height=\"500\" srcset=\"https:\/\/excelfuso.com\/guatemala\/wp-content\/uploads\/2016\/06\/1200x500_1.jpg 1200w, https:\/\/excelfuso.com\/guatemala\/wp-content\/uploads\/2016\/06\/1200x500_1-300x125.jpg 300w, https:\/\/excelfuso.com\/guatemala\/wp-content\/uploads\/2016\/06\/1200x500_1-768x320.jpg 768w, https:\/\/excelfuso.com\/guatemala\/wp-content\/uploads\/2016\/06\/1200x500_1-1024x427.jpg 1024w\" sizes=\"auto, (max-width: 1200px) 100vw, 1200px\" \/><\/a><\/p>\n","protected":false},"excerpt":{"rendered":"<p>Respaldamos tu FUSO Al momento de comprar tu cami\u00f3n considera lo importante que es tener un distribuidor como\u00a0Excel con las mejores marcas, a\u00f1os de experiencia y sobre todo la solidez del servicio post venta\u00a0con una capacidad y rapidez para resolver aver\u00edas o realizar mantenimientos en el taller. Excel Automotriz cuenta con 98 a\u00f1os innovando para [&hellip;]<\/p>\n","protected":false},"author":1,"featured_media":181,"parent":0,"menu_order":0,"comment_status":"closed","ping_status":"closed","template":"","meta":{"_acf_changed":false,"footnotes":""},"class_list":["post-146","page","type-page","status-publish","has-post-thumbnail","hentry"],"acf":[],"_links":{"self":[{"href":"https:\/\/excelfuso.com\/guatemala\/wp-json\/wp\/v2\/pages\/146","targetHints":{"allow":["GET"]}}],"collection":[{"href":"https:\/\/excelfuso.com\/guatemala\/wp-json\/wp\/v2\/pages"}],"about":[{"href":"https:\/\/excelfuso.com\/guatemala\/wp-json\/wp\/v2\/types\/page"}],"author":[{"embeddable":true,"href":"https:\/\/excelfuso.com\/guatemala\/wp-json\/wp\/v2\/users\/1"}],"replies":[{"embeddable":true,"href":"https:\/\/excelfuso.com\/guatemala\/wp-json\/wp\/v2\/comments?post=146"}],"version-history":[{"count":11,"href":"https:\/\/excelfuso.com\/guatemala\/wp-json\/wp\/v2\/pages\/146\/revisions"}],"predecessor-version":[{"id":191,"href":"https:\/\/excelfuso.com\/guatemala\/wp-json\/wp\/v2\/pages\/146\/revisions\/191"}],"wp:featuredmedia":[{"embeddable":true,"href":"https:\/\/excelfuso.com\/guatemala\/wp-json\/wp\/v2\/media\/181"}],"wp:attachment":[{"href":"https:\/\/excelfuso.com\/guatemala\/wp-json\/wp\/v2\/media?parent=146"}],"curies":[{"name":"wp","href":"https:\/\/api.w.org\/{rel}","templated":true}]}}