{"id":13,"date":"2016-04-27T10:33:08","date_gmt":"2016-04-27T16:33:08","guid":{"rendered":"https:\/\/excelfuso.com\/guatemala\/\/?page_id=13"},"modified":"2016-06-29T08:07:00","modified_gmt":"2016-06-29T14:07:00","slug":"financiamiento","status":"publish","type":"page","link":"https:\/\/excelfuso.com\/guatemala\/financiamiento\/","title":{"rendered":"Financiamiento"},"content":{"rendered":"<h2><strong>EN AUTOFACIL TODO MARCHA SOBRE RUEDAS<\/strong><\/h2>\n<div>\n<p>Autofacil es el grupo regional de la familia de Excel comprometido en brindar soluciones financieras \u00e1giles e innovadoras para la adquisici\u00f3n de autom\u00f3viles, por medio de planes de pago flexibles. El objetivo es superar las expectativas de nuestros clientes y asegurarla calidad del servicio mediante el mejoramiento continuo.<\/p>\n<\/div>\n<h2><strong>\u00bfPOR D\u00d3NDE COMIENZO?<\/strong><\/h2>\n<div>Nuestra promesa es sencilla: facilidad. Es por ello que Autofacil cuenta con una serie de planes hechos a tu medida para facilitar todo el proceso y dise\u00f1ar tus cuotas de acuerdo a tu flujo de efectivo.<\/div>\n<h2><\/h2>\n<h2><strong>Personal individual<\/strong><\/h2>\n<ul>\n<li>Solicitud de cr\u00e9dito completa y llena.<\/li>\n<li>Fotocopia de c\u00e9dula completa o DPI.<\/li>\n<li>Fotocopia de NIT.<\/li>\n<li>3 \u00faltimos estados de cuenta.<\/li>\n<li>Constancia de ingresos.<\/li>\n<li>Recibo de Agua, Luz o Tel\u00e9fono.<\/li>\n<\/ul>\n<h2>Personal jur\u00eddica<\/h2>\n<ul>\n<li>Solicitud de cr\u00e9dito completa y llena.<\/li>\n<li>Patentes de Comercio y empresa.<\/li>\n<li>Fotocopia de Nit de la empresa y represenante legal.<\/li>\n<li>Escritura de Constituci\u00f3n completa.<\/li>\n<li>Nombramiento de Representante legal vigente y legible.<\/li>\n<li>2 \u00faltimos estados financieros o 3 \u00faltimas declaraciones de IVA.<\/li>\n<li>3 \u00faltimos estados de cuenta.<\/li>\n<li>Recibo de Agua, Luz o Tel\u00e9fono reciente de la empresa y representante legal.<\/li>\n<li>Fotocopia de c\u00e9dula o DPI del representante legal completa.<\/li>\n<\/ul>\n<div><\/div>\n<h2><strong>CONOCE NUESTROS PLANES<\/strong><\/h2>\n<div>\n<p>Ac\u00e9rcate, conoce lo que tenemos disponibles para ti y elige el que m\u00e1s te convenga, desde planes flexibles para ajustar las cuotas a tu presupuesto, planes doce+1 y doce+2 que est\u00e1n pensados para establecer cuotas altas en el mes en que recibes m\u00e1s ingresos y planes escalonados en el tiempo.<\/p>\n<\/div>\n<h2><strong>LEASING<\/strong><\/h2>\n<div>Autofacil tambi\u00e9n te ofrece este m\u00e9todo para arrendar un auto nuevo durante un plazo determinado con opci\u00f3n de compra al final del per\u00edodo. Conoce las ventajas fiscales, financieras y operativas para tu empresa y para ti como persona natural.<\/div>\n<h2><\/h2>\n<div class=\"clearfloat\"><\/div>\n","protected":false},"excerpt":{"rendered":"<p>EN AUTOFACIL TODO MARCHA SOBRE RUEDAS Autofacil es el grupo regional de la familia de Excel comprometido en brindar soluciones financieras \u00e1giles e innovadoras para la adquisici\u00f3n de autom\u00f3viles, por medio de planes de pago flexibles. El objetivo es superar las expectativas de nuestros clientes y asegurarla calidad del servicio mediante el mejoramiento continuo. \u00bfPOR [&hellip;]<\/p>\n","protected":false},"author":1,"featured_media":164,"parent":0,"menu_order":0,"comment_status":"closed","ping_status":"closed","template":"","meta":{"_acf_changed":false,"footnotes":""},"class_list":["post-13","page","type-page","status-publish","has-post-thumbnail","hentry"],"acf":[],"_links":{"self":[{"href":"https:\/\/excelfuso.com\/guatemala\/wp-json\/wp\/v2\/pages\/13","targetHints":{"allow":["GET"]}}],"collection":[{"href":"https:\/\/excelfuso.com\/guatemala\/wp-json\/wp\/v2\/pages"}],"about":[{"href":"https:\/\/excelfuso.com\/guatemala\/wp-json\/wp\/v2\/types\/page"}],"author":[{"embeddable":true,"href":"https:\/\/excelfuso.com\/guatemala\/wp-json\/wp\/v2\/users\/1"}],"replies":[{"embeddable":true,"href":"https:\/\/excelfuso.com\/guatemala\/wp-json\/wp\/v2\/comments?post=13"}],"version-history":[{"count":16,"href":"https:\/\/excelfuso.com\/guatemala\/wp-json\/wp\/v2\/pages\/13\/revisions"}],"predecessor-version":[{"id":353,"href":"https:\/\/excelfuso.com\/guatemala\/wp-json\/wp\/v2\/pages\/13\/revisions\/353"}],"wp:featuredmedia":[{"embeddable":true,"href":"https:\/\/excelfuso.com\/guatemala\/wp-json\/wp\/v2\/media\/164"}],"wp:attachment":[{"href":"https:\/\/excelfuso.com\/guatemala\/wp-json\/wp\/v2\/media?parent=13"}],"curies":[{"name":"wp","href":"https:\/\/api.w.org\/{rel}","templated":true}]}}